{"id":26265,"date":"2020-04-08T08:23:01","date_gmt":"2020-04-08T06:23:01","guid":{"rendered":"https:\/\/ekiosk.com\/?page_id=26265"},"modified":"2022-01-20T09:12:41","modified_gmt":"2022-01-20T08:12:41","slug":"payment-options","status":"publish","type":"page","link":"https:\/\/ekiosk.com\/en\/payment-options\/","title":{"rendered":"Payment options"},"content":{"rendered":"\t\t<div data-elementor-type=\"wp-page\" data-elementor-id=\"26265\" class=\"elementor elementor-26265 elementor-13958\" data-elementor-post-type=\"page\">\n\t\t\t\t\t\t<section class=\"elementor-section elementor-top-section elementor-element elementor-element-b33e842 elementor-section-boxed elementor-section-height-default elementor-section-height-default\" data-id=\"b33e842\" data-element_type=\"section\">\n\t\t\t\t\t\t<div class=\"elementor-container elementor-column-gap-default\">\n\t\t\t\t\t<div class=\"elementor-column elementor-col-100 elementor-top-column elementor-element elementor-element-240432c\" data-id=\"240432c\" data-element_type=\"column\">\n\t\t\t<div class=\"elementor-widget-wrap elementor-element-populated\">\n\t\t\t\t\t\t<div class=\"elementor-element elementor-element-7671ddc elementor-widget elementor-widget-template\" data-id=\"7671ddc\" data-element_type=\"widget\" data-widget_type=\"template.default\">\n\t\t\t\t<div class=\"elementor-widget-container\">\n\t\t\t\t\t\t\t<div class=\"elementor-template\">\n\t\t\t\t\t<div data-elementor-type=\"page\" data-elementor-id=\"13944\" class=\"elementor elementor-13944\" data-elementor-post-type=\"elementor_library\">\n\t\t\t\t\t\t<section class=\"elementor-section elementor-top-section elementor-element elementor-element-7675d6d elementor-hidden-phone elementor-section-boxed elementor-section-height-default elementor-section-height-default\" data-id=\"7675d6d\" data-element_type=\"section\" data-settings=\"{&quot;background_background&quot;:&quot;classic&quot;}\">\n\t\t\t\t\t\t<div class=\"elementor-container elementor-column-gap-default\">\n\t\t\t\t\t<div class=\"elementor-column elementor-col-100 elementor-top-column elementor-element elementor-element-4cefa65\" data-id=\"4cefa65\" data-element_type=\"column\">\n\t\t\t<div class=\"elementor-widget-wrap elementor-element-populated\">\n\t\t\t\t\t\t<div class=\"elementor-element elementor-element-7d64470 kasten elementor-widget__width-auto elementor-widget elementor-widget-heading\" data-id=\"7d64470\" data-element_type=\"widget\" data-widget_type=\"heading.default\">\n\t\t\t\t<div class=\"elementor-widget-container\">\n\t\t\t\t\t<span class=\"elementor-heading-title elementor-size-default\">Bezahl-<br>\noptionen<\/span>\t\t\t\t<\/div>\n\t\t\t\t<\/div>\n\t\t\t\t\t<\/div>\n\t\t<\/div>\n\t\t\t\t\t<\/div>\n\t\t<\/section>\n\t\t\t\t<section class=\"elementor-section elementor-top-section elementor-element elementor-element-c05a472 elementor-section-boxed elementor-section-height-default elementor-section-height-default\" data-id=\"c05a472\" data-element_type=\"section\">\n\t\t\t\t\t\t<div class=\"elementor-container elementor-column-gap-default\">\n\t\t\t\t\t<div class=\"elementor-column elementor-col-100 elementor-top-column elementor-element elementor-element-777cd03\" data-id=\"777cd03\" data-element_type=\"column\">\n\t\t\t<div class=\"elementor-widget-wrap elementor-element-populated\">\n\t\t\t\t\t\t<div class=\"elementor-element elementor-element-1f0f6f5 elementor-widget elementor-widget-spacer\" data-id=\"1f0f6f5\" data-element_type=\"widget\" data-widget_type=\"spacer.default\">\n\t\t\t\t<div class=\"elementor-widget-container\">\n\t\t\t\t\t\t\t<div class=\"elementor-spacer\">\n\t\t\t<div class=\"elementor-spacer-inner\"><\/div>\n\t\t<\/div>\n\t\t\t\t\t\t<\/div>\n\t\t\t\t<\/div>\n\t\t\t\t<div class=\"elementor-element elementor-element-0eef3ac elementor-hidden-phone elementor-widget elementor-widget-heading\" data-id=\"0eef3ac\" data-element_type=\"widget\" data-widget_type=\"heading.default\">\n\t\t\t\t<div class=\"elementor-widget-container\">\n\t\t\t\t\t<h1 class=\"elementor-heading-title elementor-size-default\">Bezahloptionen im eKiosk Shop<\/h1>\t\t\t\t<\/div>\n\t\t\t\t<\/div>\n\t\t\t\t<div class=\"elementor-element elementor-element-feb8b3d elementor-hidden-desktop elementor-hidden-tablet elementor-widget elementor-widget-heading\" data-id=\"feb8b3d\" data-element_type=\"widget\" data-widget_type=\"heading.default\">\n\t\t\t\t<div class=\"elementor-widget-container\">\n\t\t\t\t\t<h1 class=\"elementor-heading-title elementor-size-default\">Bezahl-<br>optionen im eKiosk Shop<\/h1>\t\t\t\t<\/div>\n\t\t\t\t<\/div>\n\t\t\t\t<div class=\"elementor-element elementor-element-23e079a elementor-widget elementor-widget-text-editor\" data-id=\"23e079a\" data-element_type=\"widget\" data-widget_type=\"text-editor.default\">\n\t\t\t\t<div class=\"elementor-widget-container\">\n\t\t\t\t\t\t\t\t\t<p>Alle Informationen rund um das Thema Bezahlung im Shop der eKiosk GmbH.\u00a0<\/p><p>Bei Fragen k\u00f6nnen Sie sich jederzeit an uns wenden:<\/p><p>+49 351 50174 0<\/p><p><a href=\"https:\/\/ekiosk.com\/formulare\/kontaktformular\/\">Zum Kontaktformular<\/a><\/p>\t\t\t\t\t\t\t\t<\/div>\n\t\t\t\t<\/div>\n\t\t\t\t\t<\/div>\n\t\t<\/div>\n\t\t\t\t\t<\/div>\n\t\t<\/section>\n\t\t\t\t<section class=\"elementor-section elementor-top-section elementor-element elementor-element-0c394fc elementor-section-boxed elementor-section-height-default elementor-section-height-default\" data-id=\"0c394fc\" data-element_type=\"section\">\n\t\t\t\t\t\t<div class=\"elementor-container elementor-column-gap-default\">\n\t\t\t\t\t<div class=\"elementor-column elementor-col-100 elementor-top-column elementor-element elementor-element-fd4051d\" data-id=\"fd4051d\" data-element_type=\"column\">\n\t\t\t<div class=\"elementor-widget-wrap\">\n\t\t\t\t\t\t\t<\/div>\n\t\t<\/div>\n\t\t\t\t\t<\/div>\n\t\t<\/section>\n\t\t\t\t<section class=\"elementor-section elementor-top-section elementor-element elementor-element-be47c69 elementor-section-boxed elementor-section-height-default elementor-section-height-default\" data-id=\"be47c69\" data-element_type=\"section\">\n\t\t\t\t\t\t<div class=\"elementor-container elementor-column-gap-default\">\n\t\t\t\t\t<div class=\"elementor-column elementor-col-100 elementor-top-column elementor-element elementor-element-fba9e56\" data-id=\"fba9e56\" data-element_type=\"column\">\n\t\t\t<div class=\"elementor-widget-wrap elementor-element-populated\">\n\t\t\t\t\t\t<div class=\"elementor-element elementor-element-6b949b2 elementor-widget elementor-widget-text-editor\" data-id=\"6b949b2\" data-element_type=\"widget\" data-widget_type=\"text-editor.default\">\n\t\t\t\t<div class=\"elementor-widget-container\">\n\t\t\t\t\t\t\t\t\t<h3>Neukunden<\/h3><p>In der Regel zahlen Neukunden bei uns per <strong>Vorkasse<\/strong>. Ausgenommen sind lediglich St\u00e4dte bzw. Kommunen und Schulen. Konzerne k\u00f6nnen im Einzelfall auch andere Regelungen vereinbaren.<\/p><h3>Bestandskunden<\/h3><p>Kunden, die bei uns als Bestandskunden gef\u00fchrt werden, zahlen standardm\u00e4\u00dfig per <strong>Rechnung <\/strong>(10 Tage Netto oder nach Vereinbarung).<\/p><h3>Mietgesch\u00e4ft<\/h3><p>Kunden, die bei uns Produkte mieten, zahlen immer per <strong>Vorkasse<\/strong>. Das gilt auch f\u00fcr Bestandskunden.<\/p><h3>Leihstellungen<\/h3><p>Wenn Sie von uns eine Leihstellung erhalten, zahlen Sie den Versand per <strong>Vorkasse <\/strong>oder nach Vereinbarung.<\/p>\t\t\t\t\t\t\t\t<\/div>\n\t\t\t\t<\/div>\n\t\t\t\t\t<\/div>\n\t\t<\/div>\n\t\t\t\t\t<\/div>\n\t\t<\/section>\n\t\t\t\t<section class=\"elementor-section elementor-top-section elementor-element elementor-element-761a12b elementor-section-boxed elementor-section-height-default elementor-section-height-default\" data-id=\"761a12b\" data-element_type=\"section\">\n\t\t\t\t\t\t<div class=\"elementor-container elementor-column-gap-default\">\n\t\t\t\t\t<div class=\"elementor-column elementor-col-100 elementor-top-column elementor-element elementor-element-44a54bc\" data-id=\"44a54bc\" data-element_type=\"column\">\n\t\t\t<div class=\"elementor-widget-wrap\">\n\t\t\t\t\t\t\t<\/div>\n\t\t<\/div>\n\t\t\t\t\t<\/div>\n\t\t<\/section>\n\t\t\t\t<section class=\"elementor-section elementor-top-section elementor-element elementor-element-7939c49 elementor-section-boxed elementor-section-height-default elementor-section-height-default\" data-id=\"7939c49\" data-element_type=\"section\">\n\t\t\t\t\t\t<div class=\"elementor-container elementor-column-gap-default\">\n\t\t\t\t\t<div class=\"elementor-column elementor-col-100 elementor-top-column elementor-element elementor-element-8884ff6\" data-id=\"8884ff6\" data-element_type=\"column\">\n\t\t\t<div class=\"elementor-widget-wrap elementor-element-populated\">\n\t\t\t\t\t\t<div class=\"elementor-element elementor-element-93aaf6c elementor-widget elementor-widget-spacer\" data-id=\"93aaf6c\" data-element_type=\"widget\" data-widget_type=\"spacer.default\">\n\t\t\t\t<div class=\"elementor-widget-container\">\n\t\t\t\t\t\t\t<div class=\"elementor-spacer\">\n\t\t\t<div class=\"elementor-spacer-inner\"><\/div>\n\t\t<\/div>\n\t\t\t\t\t\t<\/div>\n\t\t\t\t<\/div>\n\t\t\t\t\t<\/div>\n\t\t<\/div>\n\t\t\t\t\t<\/div>\n\t\t<\/section>\n\t\t\t\t<\/div>\n\t\t\t\t<\/div>\n\t\t\t\t\t\t<\/div>\n\t\t\t\t<\/div>\n\t\t\t\t\t<\/div>\n\t\t<\/div>\n\t\t\t\t\t<\/div>\n\t\t<\/section>\n\t\t\t\t<\/div>\n\t\t","protected":false},"excerpt":{"rendered":"","protected":false},"author":4,"featured_media":0,"parent":0,"menu_order":38,"comment_status":"closed","ping_status":"closed","template":"elementor_header_footer","meta":{"footnotes":""},"class_list":["post-26265","page","type-page","status-publish","hentry"],"aioseo_notices":[],"_links":{"self":[{"href":"https:\/\/ekiosk.com\/en\/wp-json\/wp\/v2\/pages\/26265","targetHints":{"allow":["GET"]}}],"collection":[{"href":"https:\/\/ekiosk.com\/en\/wp-json\/wp\/v2\/pages"}],"about":[{"href":"https:\/\/ekiosk.com\/en\/wp-json\/wp\/v2\/types\/page"}],"author":[{"embeddable":true,"href":"https:\/\/ekiosk.com\/en\/wp-json\/wp\/v2\/users\/4"}],"replies":[{"embeddable":true,"href":"https:\/\/ekiosk.com\/en\/wp-json\/wp\/v2\/comments?post=26265"}],"version-history":[{"count":0,"href":"https:\/\/ekiosk.com\/en\/wp-json\/wp\/v2\/pages\/26265\/revisions"}],"wp:attachment":[{"href":"https:\/\/ekiosk.com\/en\/wp-json\/wp\/v2\/media?parent=26265"}],"curies":[{"name":"wp","href":"https:\/\/api.w.org\/{rel}","templated":true}]}}